{"id":79,"date":"2014-02-12T09:39:26","date_gmt":"2014-02-12T07:39:26","guid":{"rendered":"http:\/\/aufwind-ev.org\/wordpress\/?page_id=79"},"modified":"2024-09-28T13:58:24","modified_gmt":"2024-09-28T11:58:24","slug":"downloads","status":"publish","type":"page","link":"https:\/\/aufwind-ev.org\/?page_id=79","title":{"rendered":"Downloads"},"content":{"rendered":"<p>Wenn Sie Mitglied von Aufwind e.V. werden wollen k\u00f6nnen Sie <a href=\"https:\/\/aufwind.webling.eu\/forms\/memberform\/643c6935fa5079a2debb\" target=\"_blank\" rel=\"noopener\">hier direkt online<\/a> tun. Es sind nur wenige Angaben n\u00f6tig, um F\u00f6rdermitglied zu werden.<\/p>\n<p><a title=\"Radiobericht\" href=\"http:\/\/aufwind-ev.org\/?p=91\">Radiobericht <\/a>zur Er\u00f6ffnung des Hochseilgartens bei Radio Leverkusen vom 07.09.2005<\/p>\n","protected":false},"excerpt":{"rendered":"<p>Wenn Sie Mitglied von Aufwind e.V. werden wollen k\u00f6nnen Sie hier direkt online tun. Es sind nur wenige Angaben n\u00f6tig, um F\u00f6rdermitglied zu werden. Radiobericht zur Er\u00f6ffnung des Hochseilgartens bei Radio Leverkusen vom 07.09.2005<\/p>\n","protected":false},"author":1,"featured_media":0,"parent":0,"menu_order":0,"comment_status":"closed","ping_status":"closed","template":"","meta":{"footnotes":""},"class_list":["post-79","page","type-page","status-publish","hentry"],"_links":{"self":[{"href":"https:\/\/aufwind-ev.org\/index.php?rest_route=\/wp\/v2\/pages\/79","targetHints":{"allow":["GET"]}}],"collection":[{"href":"https:\/\/aufwind-ev.org\/index.php?rest_route=\/wp\/v2\/pages"}],"about":[{"href":"https:\/\/aufwind-ev.org\/index.php?rest_route=\/wp\/v2\/types\/page"}],"author":[{"embeddable":true,"href":"https:\/\/aufwind-ev.org\/index.php?rest_route=\/wp\/v2\/users\/1"}],"replies":[{"embeddable":true,"href":"https:\/\/aufwind-ev.org\/index.php?rest_route=%2Fwp%2Fv2%2Fcomments&post=79"}],"version-history":[{"count":6,"href":"https:\/\/aufwind-ev.org\/index.php?rest_route=\/wp\/v2\/pages\/79\/revisions"}],"predecessor-version":[{"id":476,"href":"https:\/\/aufwind-ev.org\/index.php?rest_route=\/wp\/v2\/pages\/79\/revisions\/476"}],"wp:attachment":[{"href":"https:\/\/aufwind-ev.org\/index.php?rest_route=%2Fwp%2Fv2%2Fmedia&parent=79"}],"curies":[{"name":"wp","href":"https:\/\/api.w.org\/{rel}","templated":true}]}}