{"id":68,"date":"2014-02-12T09:12:31","date_gmt":"2014-02-12T07:12:31","guid":{"rendered":"http:\/\/aufwind-ev.org\/wordpress\/?page_id=68"},"modified":"2014-02-13T08:25:30","modified_gmt":"2014-02-13T07:25:30","slug":"hochseilgarten-10-09-2005","status":"publish","type":"page","link":"https:\/\/aufwind-ev.org\/?page_id=68","title":{"rendered":"Hochseilgarten 10.09.2005"},"content":{"rendered":"<p>Der K\u00f6lner Stadtanzeiger berichtete in seiner Ausgabe vom 10.09.2005 \u00fcber die Er\u00f6ffnung des Klettergartens. Leider schlich sich ein Schreibfehler ein.<\/p>\n<p><span style=\"color: #ff0000;\">Die Anlage hat nicht 1800 Euro gekostet, sondern 18.000 Euro !<\/span><\/p>\n<h1>Auf einem Seil in luftiger H\u00f6he<\/h1>\n<p>Klettergarten liegt hinter dem evangelischen Gemeindehaus in der Geschwister-Scholl-Stra\u00dfe.<\/p>\n<p>VON URSULA FUCHSHOFEN, 10.09.05, h<img loading=\"lazy\" decoding=\"async\" class=\"alignright size-full wp-image-147\" alt=\"KSTA\" src=\"http:\/\/aufwind-ev.org\/wp-content\/uploads\/2014\/02\/KSTA.jpg\" width=\"384\" height=\"564\" srcset=\"https:\/\/aufwind-ev.org\/wp-content\/uploads\/2014\/02\/KSTA.jpg 384w, https:\/\/aufwind-ev.org\/wp-content\/uploads\/2014\/02\/KSTA-204x300.jpg 204w\" sizes=\"auto, (max-width: 384px) 100vw, 384px\" \/><\/p>\n<p>Ob die jungen Leute dem lieben Gott ein St\u00fcckchen n\u00e4her kommen, ist ungewiss. Respekt vor H\u00f6he und einer unerbittlichen Erdanziehungskraft mochte aber allemal aufkommen, als der Verein Aufwind die erste Leverkusener Kletterlandschaft in Alkenrath er\u00f6ffnete. Da wurde selbst der coolste Junge pl\u00f6tzlich ganz kleinlaut beim Balancieren auf einem Seil in sechs Meter H\u00f6he. Anerkennung war ihm sicher, nicht nur von den erwachsenen Zuschauern, sondern auch von seinen Altersgenossen.<\/p>\n<p>Der Klettergarten befindet sich gleich hinter dem evangelischen Gemeindehaus an der Geschwister-Scholl-Stra\u00dfe, ganz nahe des kleinen Sees, der vom B\u00fcrgerbuschbach gespeist wird. Drei gro\u00dfe Ahornb\u00e4ume stehen dort dicht beisammen, rund 30 Meter weiter steht eine gro\u00dfe Pappel. Diese vier B\u00e4ume bilden das Grundger\u00fcst f\u00fcr das luftige und rund 1800 Euro teure Abenteuer.Sie sind durch Stahlseile stammschonend miteinander verbunden.<\/p>\n<p>Ein Gutachten, das der Verein eingeholt hat, best\u00e4tigt, dass die B\u00e4ume den k\u00fcnftigen Strapazen gewachsen sein werden. Zus\u00e4tzlich zu den Stahlseilen entdeckt der Beobachter h\u00f6lzerne Stege, auf denen sich die jungen Artisten positionieren, ihren ganzen Mut zusammen raffen k\u00f6nnen f\u00fcr einen Sprung zum Trapez oder f\u00fcr eine rasante Rutschpartie \u00fcber 20 Meter. Das alles sieht gef\u00e4hrlich aus. Das alles ist gef\u00e4hrlich, w\u00e4ren da nicht die professionellen Sicherungsvorkehrungen.Jeder, der auf den B\u00e4umen und auf den Seilen rumturnt, ist \u00fcber einen Gurt gesichert. Runterfallen ist nicht m\u00f6glich. Schon beim Aufstieg, sei es \u00fcber die Aluminium-, sei es \u00fcber die Strickleiter, sind die Kletterer angeseilt.Zus\u00e4tzlich besteht Helmpflicht. Geklettert werden darf nur dann, wenn auch Betreuer da sind, die ihr Handwerk beherrschen. Noch kauft der Verein Aufwind diese ausgebildeten Betreuer stundenweise bei einem K\u00f6lner Spezial-Unternehmen ein.<\/p>\n<p>Das soll sich demn\u00e4chst allerdings \u00e4ndern. Drei Vereinsmitglieder werden noch im kommenden Herbst eine entsprechende Ausbildung absolvieren. Dann k\u00f6nnen die Aufwind-Aktivisten ihre Kletterlandschaft selbstst\u00e4ndig f\u00fchren.<\/p>\n<p>Der Verein Aufwind wurde 2001 gegr\u00fcndet. Er hat sich zum Ziel gesetzt, die Jugendarbeit der evangelischen Kirchengemeinde Schlebusch mit ihren drei Standorten Alkenrath, Schlebusch und Waldsiedlung zu f\u00f6rdern. Wie das praktisch aussieht, erl\u00e4uterte Stefan Lilienthal. Er ist f\u00fcr die Jugendarbeit in der Kirchengemeinde zust\u00e4ndig, und er wei\u00df, dass heute Kinder und Jugendliche Abenteuer und Herausforderung suchen. Wird ihnen kein prickelndes Angebot gemacht, dann w\u00fcrden sich die Kinder Spannung dort holen, wo es nicht zu ihren Gunsten ist, sagte Lilienthal. Den Standort Alkenrath w\u00e4hlten die Verantwortlichen, nachdem die j\u00fcngste st\u00e4dtische Sozialraumanalyse bescheinigte, dass dieser Stadtteil im Vergleich zu anderen Leverkusener Teilen Defizite im Bereich jugendliche Freizeitgestaltung aufweist. Kinder ab zehn Jahren und Jugendliche, die nicht in Alkenrath wohnen, brauchen deshalb nicht in die R\u00f6hre zu schauen.<\/p>\n<p>(KStA)<\/p>\n<p>&nbsp;<\/p>\n<p>&nbsp;<\/p>\n","protected":false},"excerpt":{"rendered":"<p>Der K\u00f6lner Stadtanzeiger berichtete in seiner Ausgabe vom 10.09.2005 \u00fcber die Er\u00f6ffnung des Klettergartens. Leider schlich sich ein Schreibfehler ein. Die Anlage hat nicht 1800 Euro gekostet, sondern 18.000 Euro ! Auf einem Seil in luftiger H\u00f6he Klettergarten liegt hinter dem evangelischen Gemeindehaus in der Geschwister-Scholl-Stra\u00dfe. VON URSULA FUCHSHOFEN, 10.09.05, h Ob die jungen Leute [&hellip;]<\/p>\n","protected":false},"author":1,"featured_media":0,"parent":20,"menu_order":6,"comment_status":"closed","ping_status":"closed","template":"","meta":{"footnotes":""},"class_list":["post-68","page","type-page","status-publish","hentry"],"_links":{"self":[{"href":"https:\/\/aufwind-ev.org\/index.php?rest_route=\/wp\/v2\/pages\/68","targetHints":{"allow":["GET"]}}],"collection":[{"href":"https:\/\/aufwind-ev.org\/index.php?rest_route=\/wp\/v2\/pages"}],"about":[{"href":"https:\/\/aufwind-ev.org\/index.php?rest_route=\/wp\/v2\/types\/page"}],"author":[{"embeddable":true,"href":"https:\/\/aufwind-ev.org\/index.php?rest_route=\/wp\/v2\/users\/1"}],"replies":[{"embeddable":true,"href":"https:\/\/aufwind-ev.org\/index.php?rest_route=%2Fwp%2Fv2%2Fcomments&post=68"}],"version-history":[{"count":5,"href":"https:\/\/aufwind-ev.org\/index.php?rest_route=\/wp\/v2\/pages\/68\/revisions"}],"predecessor-version":[{"id":156,"href":"https:\/\/aufwind-ev.org\/index.php?rest_route=\/wp\/v2\/pages\/68\/revisions\/156"}],"up":[{"embeddable":true,"href":"https:\/\/aufwind-ev.org\/index.php?rest_route=\/wp\/v2\/pages\/20"}],"wp:attachment":[{"href":"https:\/\/aufwind-ev.org\/index.php?rest_route=%2Fwp%2Fv2%2Fmedia&parent=68"}],"curies":[{"name":"wp","href":"https:\/\/api.w.org\/{rel}","templated":true}]}}