{"id":59,"date":"2014-02-12T09:07:12","date_gmt":"2014-02-12T07:07:12","guid":{"rendered":"http:\/\/aufwind-ev.org\/wordpress\/?page_id=59"},"modified":"2014-02-13T07:53:38","modified_gmt":"2014-02-13T06:53:38","slug":"hochseilgarten-16-04-2012","status":"publish","type":"page","link":"https:\/\/aufwind-ev.org\/?page_id=59","title":{"rendered":"Hochseilgarten 16.04.2012"},"content":{"rendered":"<p>Der K\u00f6lner Stadtanzeiger berichtete in seiner Ausgabe vom 16.04.2012 \u00fcber die bevorstehende Er\u00f6ffnung des Klettergartens.<\/p>\n<h1>\u00a0Mit schlotternden Knien<\/h1>\n<p>Von Maximilian Doeckel, 16.04.12, 14:16h<\/p>\n<p>Der Hochseilgarten in Alkenrath wird neu er\u00f6ffnet. Bis zu elf Meter hoch sind die f\u00fcr Kinder und Jugendliche kostenlosen Kletteranlagen &#8211; unser Autor hat den Selbstversuch gewagt.<\/p>\n<p>ALKENRATH &#8211; Als ich oben bin, schlottern mir ein wenig die Knie. Vom Boden betrachtet sah die Plattform im Baum gar nicht so hoch aus, aber jetzt merke ich, was acht Meter bedeuten. Und jetzt soll ich auch noch, gesichert von allerlei Knoten, Karabinern und Seilen, an ein Trapez springen, das in &#8211; zugegebenerma\u00dfen nicht besonders weiter Entfernung &#8211; \u00fcber dem Abgrund baumelt. Ich springe und bin erleichtert, als sich meine H\u00e4nde um den Griff des Trapezes schlie\u00dfen. Jetzt ist die erste Angst weg, und ich wage den Sprung noch zweimal, wobei die Entfernung des Trapezes zur Plattform jedes Mal ein wenig gr\u00f6\u00dfer wird. Zwei Trainer k\u00fcmmern sich um mich, machen mir Mut.<\/p>\n<p>Und Mut braucht man im Hochseilgarten Alkenrath auf jeden Fall, denn die Plattformen sind zum Teil elf Meter \u00fcber dem Boden angebracht. Das war nicht immer so: Vor fast sieben Jahren hat alles eine Nummer kleiner angefangen. Damals, am 6. September 2005, \u00f6ffnete der Hochseilgarten auf dem Grundst\u00fcck des Evangelischen Gemeindehauses in der Geschwister-Scholl-Stra\u00dfe seine Pforten. Die Stationen waren fest installiert und in bis zu f\u00fcnf Metern H\u00f6he angebracht. &#8222;Zu niedrig, wie sich zeigte, denn die Hochseilg\u00e4rten in der Umgebung waren zum Teil wesentlich h\u00f6her und dadurch attraktiver&#8220;, sagt Hendrik K\u00e4seberg, Erzieher und Klettertrainer in Alkenrath. &#8222;Als die Kirche dann auch noch das Gel\u00e4nde verkaufte, war der Hochseilgarten erstmal am Ende.&#8220;<\/p>\n<p>Jetzt, knapp zwei Jahre sp\u00e4ter, wagt die evangelische Jugend Schlebusch mit Unterst\u00fctzung des Vereins &#8222;Aufwind&#8220; einen Neustart. 10 000 Euro wurden zur Verf\u00fcgung gestellt, um unter der Leitung von Holger Demmer, der auch in der Opladener Kletterhalle A-Werk aktiv ist, auf neuem Gel\u00e4nde neben dem evangelischen Jugendhaus attraktive Mutproben aufzubauen. &#8222;Dabei haben wir unsere eigene Philosophie&#8220;, sagt K\u00e4seberg: &#8220; Wir wollen uns von diesen ganzen Konsum-Hochseilg\u00e4rten absetzen. Man zahlt in manchen ja an die 40 Euro Eintritt und nimmt f\u00fcr sich selbst eigentlich nichts mit.&#8220; Das Team in Alkenrath m\u00f6chte genau das nicht. Ab dem 20. April hat der Hochseilgarten immer freitags von 16 bis 19 Uhr ge\u00f6ffnet und empf\u00e4ngt jeden, der Lust dazu hat, an seine Grenzen zu gehen.<\/p>\n<p>Die Kletter-Anlagen stehen alle schon, das kleine Caf\u00e9, in dem sich wartende Eltern die Zeit vertreiben k\u00f6nnen, muss aber noch gebaut werden. &#8222;Der Hochseilgarten wird eine Attraktion. Leverkusen hat in dieser Hinsicht viel zu wenig zu bieten. Vor allem, da jetzt auch noch das A-Werk geschlossen wird&#8220;, sagt K\u00e4seberg, und man sieht ihm seinen \u00c4rger dar\u00fcber an. Der neue Klettergarten, das ist f\u00fcr den Erzieher mehr als ein Freizeit-Vergn\u00fcgen: &#8222;Was wir hier machen ist Jugendarbeit. Wir wollen Kindern und Jugendlichen ein Hobby geben.&#8220; Und ein Hobby sei eben mehr als das blo\u00dfe Abgehen von Stationen. Material- und Knotenkunde geh\u00f6re dann genauso dazu wie das Errechnen von Seilspannungen. So k\u00f6nne man nebenbei auch noch etwas \u00fcber Physik lernen.&#8220;<\/p>\n<p>Das Wichtigste ist aber immer noch, dass Kinder an ihre Grenzen gehen. Und zwar auf eigene Faust. Dabeistehende Eltern sind eher hinderlich&#8220;, sagt Trainer Simon Boos. Der gelernte Physiotherapeut hat schon viele Kinder gesehen, die ihre \u00c4ngste bek\u00e4mpft haben. &#8222;Einige sa\u00dfen erst weinend auf den Plattformen und wollten nicht weiter. Als sie es dann gemacht haben, wollten sie alle wieder nach oben&#8220;, sagt er und grinst dabei.<\/p>\n<p>&nbsp;<\/p>\n","protected":false},"excerpt":{"rendered":"<p>Der K\u00f6lner Stadtanzeiger berichtete in seiner Ausgabe vom 16.04.2012 \u00fcber die bevorstehende Er\u00f6ffnung des Klettergartens. \u00a0Mit schlotternden Knien Von Maximilian Doeckel, 16.04.12, 14:16h Der Hochseilgarten in Alkenrath wird neu er\u00f6ffnet. Bis zu elf Meter hoch sind die f\u00fcr Kinder und Jugendliche kostenlosen Kletteranlagen &#8211; unser Autor hat den Selbstversuch gewagt. ALKENRATH &#8211; Als ich oben [&hellip;]<\/p>\n","protected":false},"author":1,"featured_media":0,"parent":20,"menu_order":2,"comment_status":"closed","ping_status":"closed","template":"","meta":{"footnotes":""},"class_list":["post-59","page","type-page","status-publish","hentry"],"_links":{"self":[{"href":"https:\/\/aufwind-ev.org\/index.php?rest_route=\/wp\/v2\/pages\/59","targetHints":{"allow":["GET"]}}],"collection":[{"href":"https:\/\/aufwind-ev.org\/index.php?rest_route=\/wp\/v2\/pages"}],"about":[{"href":"https:\/\/aufwind-ev.org\/index.php?rest_route=\/wp\/v2\/types\/page"}],"author":[{"embeddable":true,"href":"https:\/\/aufwind-ev.org\/index.php?rest_route=\/wp\/v2\/users\/1"}],"replies":[{"embeddable":true,"href":"https:\/\/aufwind-ev.org\/index.php?rest_route=%2Fwp%2Fv2%2Fcomments&post=59"}],"version-history":[{"count":3,"href":"https:\/\/aufwind-ev.org\/index.php?rest_route=\/wp\/v2\/pages\/59\/revisions"}],"predecessor-version":[{"id":140,"href":"https:\/\/aufwind-ev.org\/index.php?rest_route=\/wp\/v2\/pages\/59\/revisions\/140"}],"up":[{"embeddable":true,"href":"https:\/\/aufwind-ev.org\/index.php?rest_route=\/wp\/v2\/pages\/20"}],"wp:attachment":[{"href":"https:\/\/aufwind-ev.org\/index.php?rest_route=%2Fwp%2Fv2%2Fmedia&parent=59"}],"curies":[{"name":"wp","href":"https:\/\/api.w.org\/{rel}","templated":true}]}}