{"id":57,"date":"2014-02-12T09:05:16","date_gmt":"2014-02-12T07:05:16","guid":{"rendered":"http:\/\/aufwind-ev.org\/wordpress\/?page_id=57"},"modified":"2014-02-13T07:54:40","modified_gmt":"2014-02-13T06:54:40","slug":"hochseilgarten-neueroeffnung","status":"publish","type":"page","link":"https:\/\/aufwind-ev.org\/?page_id=57","title":{"rendered":"Hochseilgarten 20.04.2012"},"content":{"rendered":"<p>Der K\u00f6lner Stadtanzeiger berichtete in seiner Ausgabe vom 20.04.2012 \u00fcber die bevorstehende Er\u00f6ffnung des Klettergartens.<\/p>\n<h1>Es geht hoch hinaus in Alkenrath<\/h1>\n<p>Von Michael Richmann, 20.04.12, 18:35h<\/p>\n<p>Am Freitagnachmittag wurde der neue Kletterpark an der S\u00fcdseite des Weihers an der Alkenrather Stra\u00dfe er\u00f6ffnet wurde. Jugendliche k\u00f6nnen montags und freitags von 16 bis 19 Uhr kostenlos klettern.<\/p>\n<p>ALKENRATH &#8211; Konzentriert macht sich Paul Haurenherm auf dem Weg nach oben: Eine Strickleiter erm\u00f6glicht ihm den Aufstieg zur ersten Station des Klettergartens der Evangelischen Jugend Schlebusch (EJS), der am Freitagnachmittag an der S\u00fcdseite des Weihers an der Alkenrather Stra\u00dfe er\u00f6ffnet wurde. Nach anderthalb Jahren Pause, weil die Kirche sich das Grundst\u00fcck auf der Nordseite des Weihers, auf dem der Klettergarten von 2005 bis 2010 aufgebaut war, nicht mehr leisten konnte.<\/p>\n<p>\u00dcberwundene H\u00fcrden<\/p>\n<p>Stefan Lapke, Jugend- und Bildungsreferent der EJS war hoch erfreut, dass die Gemeinde den Parcours mit Hilfe des F\u00f6rdervereins \u201eAufwind\u201c wieder errichten konnte \u2013 allerdings waren einige H\u00fcrden zu \u00fcberwinden: Zun\u00e4chst mussten die Betreiber mit der Stadtverwaltung verhandeln, damit diese ihnen das Grundst\u00fcck \u00fcberl\u00e4sst. Weil es dabei um ein Schutzgebiet ging, musste ein Gutachter bestellt werden, der \u00fcberpr\u00fcfte, ob die B\u00e4ume keinen Schaden nehmen. Zudem musste der T\u00fcv den fertigen Parcours abnehmen. Rund 15\u2005000 Euro wurden f\u00fcr die Anlage investiert, der Bezirk III hat 2000 Euro beigesteuert, der Rest wurde vom F\u00f6rderverein finanziert.<\/p>\n<p>Jugendliche k\u00f6nnen montags und freitags von 16 bis 19 Uhr kostenlos klettern. Dabei werden sie von geschulten Trainern gesichert. Auch Gruppen k\u00f6nnen klettern, m\u00fcssen aber vorher einen Termin vereinbaren: Tel.:0214 \/50 16 87.<\/p>\n<p>&nbsp;<\/p>\n","protected":false},"excerpt":{"rendered":"<p>Der K\u00f6lner Stadtanzeiger berichtete in seiner Ausgabe vom 20.04.2012 \u00fcber die bevorstehende Er\u00f6ffnung des Klettergartens. Es geht hoch hinaus in Alkenrath Von Michael Richmann, 20.04.12, 18:35h Am Freitagnachmittag wurde der neue Kletterpark an der S\u00fcdseite des Weihers an der Alkenrather Stra\u00dfe er\u00f6ffnet wurde. Jugendliche k\u00f6nnen montags und freitags von 16 bis 19 Uhr kostenlos klettern. [&hellip;]<\/p>\n","protected":false},"author":1,"featured_media":0,"parent":20,"menu_order":2,"comment_status":"closed","ping_status":"closed","template":"","meta":{"footnotes":""},"class_list":["post-57","page","type-page","status-publish","hentry"],"_links":{"self":[{"href":"https:\/\/aufwind-ev.org\/index.php?rest_route=\/wp\/v2\/pages\/57","targetHints":{"allow":["GET"]}}],"collection":[{"href":"https:\/\/aufwind-ev.org\/index.php?rest_route=\/wp\/v2\/pages"}],"about":[{"href":"https:\/\/aufwind-ev.org\/index.php?rest_route=\/wp\/v2\/types\/page"}],"author":[{"embeddable":true,"href":"https:\/\/aufwind-ev.org\/index.php?rest_route=\/wp\/v2\/users\/1"}],"replies":[{"embeddable":true,"href":"https:\/\/aufwind-ev.org\/index.php?rest_route=%2Fwp%2Fv2%2Fcomments&post=57"}],"version-history":[{"count":3,"href":"https:\/\/aufwind-ev.org\/index.php?rest_route=\/wp\/v2\/pages\/57\/revisions"}],"predecessor-version":[{"id":141,"href":"https:\/\/aufwind-ev.org\/index.php?rest_route=\/wp\/v2\/pages\/57\/revisions\/141"}],"up":[{"embeddable":true,"href":"https:\/\/aufwind-ev.org\/index.php?rest_route=\/wp\/v2\/pages\/20"}],"wp:attachment":[{"href":"https:\/\/aufwind-ev.org\/index.php?rest_route=%2Fwp%2Fv2%2Fmedia&parent=57"}],"curies":[{"name":"wp","href":"https:\/\/api.w.org\/{rel}","templated":true}]}}