{"id":53,"date":"2014-02-12T08:59:39","date_gmt":"2014-02-12T06:59:39","guid":{"rendered":"http:\/\/aufwind-ev.org\/wordpress\/?page_id=53"},"modified":"2022-02-05T17:54:11","modified_gmt":"2022-02-05T16:54:11","slug":"hochseilgarten","status":"publish","type":"page","link":"https:\/\/aufwind-ev.org\/?page_id=53","title":{"rendered":"Aktionsklettergarten"},"content":{"rendered":"\n<div class=\"wp-block-image\"><figure class=\"alignleft\"><img loading=\"lazy\" decoding=\"async\" width=\"285\" height=\"300\" src=\"http:\/\/aufwind-ev.org\/wp-content\/uploads\/2014\/02\/Dschungelbrucke2-285x300.jpg\" alt=\"Dschungelbrucke2\" class=\"wp-image-160\" srcset=\"https:\/\/aufwind-ev.org\/wp-content\/uploads\/2014\/02\/Dschungelbrucke2-285x300.jpg 285w, https:\/\/aufwind-ev.org\/wp-content\/uploads\/2014\/02\/Dschungelbrucke2.jpg 501w\" sizes=\"auto, (max-width: 285px) 100vw, 285px\" \/><\/figure><\/div>\n\n\n\n<p>In Alkenrath wurde von Aufwind am 20.04.2012 der attraktiver Aktionsklettergarten f\u00fcr Kinder und Jugendliche wieder er\u00f6ffnet !<\/p>\n\n\n\n<p>Nach anderthalb Jahren Pause, weil die Kirche das alte Grundst\u00fcck, auf dem der Aktionsklettergarten von 2005 bis 2010 aufgebaut war, verkaufen wird, kann nun endlich wieder geklettert werden.<\/p>\n\n\n\n<p>Die Beschreibung der Stationen folgt in K\u00fcrze.<\/p>\n\n\n\n<p><\/p>\n\n\n\n<p><\/p>\n\n\n\n<hr class=\"wp-block-separator has-text-color has-background has-vivid-cyan-blue-background-color has-vivid-cyan-blue-color\"\/>\n\n\n\n<p><strong><span style=\"color: #ff0000;\">Aktuelle Informationen:<\/span><\/strong><\/p>\n\n\n\n<p><span style=\"color: #ff0000;\"><strong>Der attraktive Aktionsklettergarten f\u00fcr Kinder und Jugendliche in Alkenrath erh\u00e4lt 2022 eine neue Attraktion \u2013 \u201eder Pamperpole\u201c!<\/strong><\/span><\/p>\n\n\n\n<p><span style=\"color: #ff0000;\"><strong>Saisonal&nbsp; (Er\u00f6ffnung Anfang April) dienstags und freitags von 16.00 Uhr bis 19.00 Uhr ge\u00f6ffnet.<\/strong><\/span><\/p>\n\n\n\n<div class=\"wp-block-image\"><figure class=\"alignright\"><img loading=\"lazy\" decoding=\"async\" width=\"108\" height=\"150\" src=\"http:\/\/aufwind-ev.org\/wp-content\/uploads\/2014\/02\/Eichh.jpg\" alt=\"Eichh\" class=\"wp-image-161\"\/><\/figure><\/div>\n\n\n\n<p><span style=\"color: #ff0000;\"><\/span><\/p>\n\n\n\n<p><span style=\"color: #ff0000;\">Alle sind willkommen, die Lust haben, mal abzuheben, egal ob Katholik oder Moslem, egal ob Hitorfer oder Manforter. Zudem kann der Klettergarten von Vereinen und Schulen, aber auch von Privatpersonen stundenweise angemietet werden. Informationen dazu erhalten sie unter 0214 \/ 50 16 87.<\/span><\/p>\n\n\n\n<p><b><span style=\"font-family: Arial,Helvetica,Geneva,Sans-serif;\"><br><\/span><\/b><b><\/b><\/p>\n","protected":false},"excerpt":{"rendered":"<p>In Alkenrath wurde von Aufwind am 20.04.2012 der attraktiver Aktionsklettergarten f\u00fcr Kinder und Jugendliche wieder er\u00f6ffnet ! Nach anderthalb Jahren Pause, weil die Kirche das alte Grundst\u00fcck, auf dem der Aktionsklettergarten von 2005 bis 2010 aufgebaut war, verkaufen wird, kann nun endlich wieder geklettert werden. Die Beschreibung der Stationen folgt in K\u00fcrze. Aktuelle Informationen: Der [&hellip;]<\/p>\n","protected":false},"author":1,"featured_media":0,"parent":14,"menu_order":1,"comment_status":"closed","ping_status":"closed","template":"","meta":{"footnotes":""},"class_list":["post-53","page","type-page","status-publish","hentry"],"_links":{"self":[{"href":"https:\/\/aufwind-ev.org\/index.php?rest_route=\/wp\/v2\/pages\/53","targetHints":{"allow":["GET"]}}],"collection":[{"href":"https:\/\/aufwind-ev.org\/index.php?rest_route=\/wp\/v2\/pages"}],"about":[{"href":"https:\/\/aufwind-ev.org\/index.php?rest_route=\/wp\/v2\/types\/page"}],"author":[{"embeddable":true,"href":"https:\/\/aufwind-ev.org\/index.php?rest_route=\/wp\/v2\/users\/1"}],"replies":[{"embeddable":true,"href":"https:\/\/aufwind-ev.org\/index.php?rest_route=%2Fwp%2Fv2%2Fcomments&post=53"}],"version-history":[{"count":9,"href":"https:\/\/aufwind-ev.org\/index.php?rest_route=\/wp\/v2\/pages\/53\/revisions"}],"predecessor-version":[{"id":414,"href":"https:\/\/aufwind-ev.org\/index.php?rest_route=\/wp\/v2\/pages\/53\/revisions\/414"}],"up":[{"embeddable":true,"href":"https:\/\/aufwind-ev.org\/index.php?rest_route=\/wp\/v2\/pages\/14"}],"wp:attachment":[{"href":"https:\/\/aufwind-ev.org\/index.php?rest_route=%2Fwp%2Fv2%2Fmedia&parent=53"}],"curies":[{"name":"wp","href":"https:\/\/api.w.org\/{rel}","templated":true}]}}