{"id":212,"date":"2014-08-14T11:09:17","date_gmt":"2014-08-14T09:09:17","guid":{"rendered":"http:\/\/aufwind-ev.org\/?page_id=212"},"modified":"2014-08-14T13:49:27","modified_gmt":"2014-08-14T11:49:27","slug":"kindertagesstaette","status":"publish","type":"page","link":"https:\/\/aufwind-ev.org\/?page_id=212","title":{"rendered":"Kindertagesst\u00e4tte"},"content":{"rendered":"<p><img loading=\"lazy\" decoding=\"async\" class=\"aligncenter size-full wp-image-216\" src=\"http:\/\/aufwind-ev.org\/wp-content\/uploads\/2014\/08\/kita_ansicht_nord.png\" alt=\"Kita Ansicht Nord\" width=\"640\" height=\"198\" srcset=\"https:\/\/aufwind-ev.org\/wp-content\/uploads\/2014\/08\/kita_ansicht_nord.png 640w, https:\/\/aufwind-ev.org\/wp-content\/uploads\/2014\/08\/kita_ansicht_nord-300x92.png 300w\" sizes=\"auto, (max-width: 640px) 100vw, 640px\" \/><img loading=\"lazy\" decoding=\"async\" class=\"alignleft size-full wp-image-215\" src=\"http:\/\/aufwind-ev.org\/wp-content\/uploads\/2014\/08\/ani_kita.gif\" alt=\"ani_kita\" width=\"200\" height=\"200\" \/>Wir freuen uns \u00fcber die komplette Modernisierung der Kita. Im Zuge der Umbauma\u00dfnahmen hat Aufwind e.V. zugesichert ein gr\u00f6\u00dferes Projekt im Bereich der Aussenanlage zu finanzieren.\u00a0Wenn auch Sie uns in diesem Projekt unterst\u00fctzen m\u00f6chten, sprechen Sie uns an, oder spenden Sie\u2026..<\/p>\n<p>&nbsp;<\/p>\n<p><img loading=\"lazy\" decoding=\"async\" class=\"aligncenter size-full wp-image-217\" src=\"http:\/\/aufwind-ev.org\/wp-content\/uploads\/2014\/08\/kita_ansicht_sued.png\" alt=\"Kita Ansicht S\u00fcd\" width=\"640\" height=\"198\" srcset=\"https:\/\/aufwind-ev.org\/wp-content\/uploads\/2014\/08\/kita_ansicht_sued.png 640w, https:\/\/aufwind-ev.org\/wp-content\/uploads\/2014\/08\/kita_ansicht_sued-300x92.png 300w\" sizes=\"auto, (max-width: 640px) 100vw, 640px\" \/><\/p>\n","protected":false},"excerpt":{"rendered":"<p>Wir freuen uns \u00fcber die komplette Modernisierung der Kita. Im Zuge der Umbauma\u00dfnahmen hat Aufwind e.V. zugesichert ein gr\u00f6\u00dferes Projekt im Bereich der Aussenanlage zu finanzieren.\u00a0Wenn auch Sie uns in diesem Projekt unterst\u00fctzen m\u00f6chten, sprechen Sie uns an, oder spenden Sie\u2026.. &nbsp;<\/p>\n","protected":false},"author":1,"featured_media":0,"parent":14,"menu_order":2,"comment_status":"closed","ping_status":"closed","template":"","meta":{"footnotes":""},"class_list":["post-212","page","type-page","status-publish","hentry"],"_links":{"self":[{"href":"https:\/\/aufwind-ev.org\/index.php?rest_route=\/wp\/v2\/pages\/212","targetHints":{"allow":["GET"]}}],"collection":[{"href":"https:\/\/aufwind-ev.org\/index.php?rest_route=\/wp\/v2\/pages"}],"about":[{"href":"https:\/\/aufwind-ev.org\/index.php?rest_route=\/wp\/v2\/types\/page"}],"author":[{"embeddable":true,"href":"https:\/\/aufwind-ev.org\/index.php?rest_route=\/wp\/v2\/users\/1"}],"replies":[{"embeddable":true,"href":"https:\/\/aufwind-ev.org\/index.php?rest_route=%2Fwp%2Fv2%2Fcomments&post=212"}],"version-history":[{"count":3,"href":"https:\/\/aufwind-ev.org\/index.php?rest_route=\/wp\/v2\/pages\/212\/revisions"}],"predecessor-version":[{"id":219,"href":"https:\/\/aufwind-ev.org\/index.php?rest_route=\/wp\/v2\/pages\/212\/revisions\/219"}],"up":[{"embeddable":true,"href":"https:\/\/aufwind-ev.org\/index.php?rest_route=\/wp\/v2\/pages\/14"}],"wp:attachment":[{"href":"https:\/\/aufwind-ev.org\/index.php?rest_route=%2Fwp%2Fv2%2Fmedia&parent=212"}],"curies":[{"name":"wp","href":"https:\/\/api.w.org\/{rel}","templated":true}]}}