{"id":18,"date":"2014-02-11T17:02:47","date_gmt":"2014-02-11T15:02:47","guid":{"rendered":"http:\/\/aufwind-ev.org\/wordpress\/?page_id=18"},"modified":"2022-12-17T17:28:42","modified_gmt":"2022-12-17T16:28:42","slug":"veranstaltungen","status":"publish","type":"page","link":"https:\/\/aufwind-ev.org\/?page_id=18","title":{"rendered":"Veranstaltungen"},"content":{"rendered":"<p>Aufwind l\u00e4dt immer wieder zu Veranstaltungen ein! Einerseits um auf uns und unsere Ziele aufmerksam zu machen, aber auch um unseren Mitgliedern den einen oder anderen kulturellen Leckerbissen zu pr\u00e4sentieren. Pers\u00f6nlichkeiten wie <strong>J\u00fcrgen Becker<\/strong> oder <strong>Konrad Beikircher<\/strong> waren bei uns zu Gast und kommen auch gerne wieder !<\/p>\n<p><strong>Wilfried Schmickler ist Schirmherr von Aufwind e.V.<\/strong><\/p>\n<p>Aufwind ist aber auch immer bei Aktionen wie z.B. Schlebuscher Kindertag und Adventsmarkt vertreten.<\/p>\n<p>Achten Sie auf unsere aktuellen Hinweise auf der Startseite, um kein Event zu verpassen.<\/p>\n\n\n<div class=\"wp-block-image\"><figure class=\"aligncenter size-full\"><a href=\"https:\/\/aufwind-ev.org\/wp-content\/uploads\/2022\/12\/BrBSh2CXpAO0hUsD.jpg\"><img loading=\"lazy\" decoding=\"async\" width=\"300\" height=\"399\" src=\"https:\/\/aufwind-ev.org\/wp-content\/uploads\/2022\/12\/BrBSh2CXpAO0hUsD.jpg\" alt=\"\" class=\"wp-image-466\" srcset=\"https:\/\/aufwind-ev.org\/wp-content\/uploads\/2022\/12\/BrBSh2CXpAO0hUsD.jpg 300w, https:\/\/aufwind-ev.org\/wp-content\/uploads\/2022\/12\/BrBSh2CXpAO0hUsD-226x300.jpg 226w\" sizes=\"auto, (max-width: 300px) 100vw, 300px\" \/><\/a><\/figure><\/div>\n","protected":false},"excerpt":{"rendered":"<p>Aufwind l\u00e4dt immer wieder zu Veranstaltungen ein! Einerseits um auf uns und unsere Ziele aufmerksam zu machen, aber auch um unseren Mitgliedern den einen oder anderen kulturellen Leckerbissen zu pr\u00e4sentieren. Pers\u00f6nlichkeiten wie J\u00fcrgen Becker oder Konrad Beikircher waren bei uns zu Gast und kommen auch gerne wieder ! Wilfried Schmickler ist Schirmherr von Aufwind e.V. [&hellip;]<\/p>\n","protected":false},"author":1,"featured_media":0,"parent":0,"menu_order":0,"comment_status":"closed","ping_status":"closed","template":"","meta":{"footnotes":""},"class_list":["post-18","page","type-page","status-publish","hentry"],"_links":{"self":[{"href":"https:\/\/aufwind-ev.org\/index.php?rest_route=\/wp\/v2\/pages\/18","targetHints":{"allow":["GET"]}}],"collection":[{"href":"https:\/\/aufwind-ev.org\/index.php?rest_route=\/wp\/v2\/pages"}],"about":[{"href":"https:\/\/aufwind-ev.org\/index.php?rest_route=\/wp\/v2\/types\/page"}],"author":[{"embeddable":true,"href":"https:\/\/aufwind-ev.org\/index.php?rest_route=\/wp\/v2\/users\/1"}],"replies":[{"embeddable":true,"href":"https:\/\/aufwind-ev.org\/index.php?rest_route=%2Fwp%2Fv2%2Fcomments&post=18"}],"version-history":[{"count":6,"href":"https:\/\/aufwind-ev.org\/index.php?rest_route=\/wp\/v2\/pages\/18\/revisions"}],"predecessor-version":[{"id":469,"href":"https:\/\/aufwind-ev.org\/index.php?rest_route=\/wp\/v2\/pages\/18\/revisions\/469"}],"wp:attachment":[{"href":"https:\/\/aufwind-ev.org\/index.php?rest_route=%2Fwp%2Fv2%2Fmedia&parent=18"}],"curies":[{"name":"wp","href":"https:\/\/api.w.org\/{rel}","templated":true}]}}