{"id":16,"date":"2014-02-11T17:02:17","date_gmt":"2014-02-11T15:02:17","guid":{"rendered":"http:\/\/aufwind-ev.org\/wordpress\/?page_id=16"},"modified":"2014-02-13T08:20:09","modified_gmt":"2014-02-13T07:20:09","slug":"wir-ueber-uns","status":"publish","type":"page","link":"https:\/\/aufwind-ev.org\/?page_id=16","title":{"rendered":"Wir \u00fcber uns"},"content":{"rendered":"<p><strong>WIR HABEN:<\/strong><\/p>\n<p>Die Power, die Menschen, die R\u00e4umlichkeiten und die Ideen, den Kindern und <img loading=\"lazy\" decoding=\"async\" class=\"size-full wp-image-149 alignleft\" alt=\"Wirueberuns2\" src=\"http:\/\/aufwind-ev.org\/wp-content\/uploads\/2014\/02\/Wirueberuns2.gif\" width=\"250\" height=\"178\" \/>Jugendlichen eine attraktive und sinngebende Freizeitgestaltung zu erm\u00f6glichen.<\/p>\n<p>Wir vom Aufwind e.V., einem gemeinn\u00fctzigen Verein, haben es uns zum Ziel gesetzt, die Kinder und Jugendarbeit in den Leverkusener Gemeindebezirken Alkenrath, Schlebusch und <img loading=\"lazy\" decoding=\"async\" class=\"alignright size-full wp-image-148\" alt=\"Wirueberuns1\" src=\"http:\/\/aufwind-ev.org\/wp-content\/uploads\/2014\/02\/Wirueberuns1.gif\" width=\"200\" height=\"175\" \/>Waldsiedlung zu unterst\u00fctzen und noch attraktiver zu gestalten.<\/p>\n<p>In Zeiten zunehmender Kirchenaustritte und Flauten in den \u00f6ffentlichen T\u00f6pfen, wollen wir frischen Wind unter die Fl\u00fcgel bringen um Kindern und Jugendlichen interessante Angebote zur sinnvollen Freizeitgestaltung zu bieten.<\/p>\n<p>In den drei evangelischen Gemeindezentren in Alkenrath, Schlebusch und der Waldsiedlung, leisten hauptamtliche und viele Dutzende ehrenamtliche Mitarbeiter seit vielen Jahren wertvolle Arbeit, die bei den Erwachsenen in den Stadtteilen ein hohes Ansehen genie\u00dft. Auch \u00fcber die Grenzen Leverkusens hinweg wird diese Kinder-und Jugendarbeit sehr gesch\u00e4tzt und wurde schon mehrfach landes- und bundesweit mit Preisen ausgezeichnet.<\/p>\n<p><img loading=\"lazy\" decoding=\"async\" class=\"alignleft size-full wp-image-150\" alt=\"wirueberuns3\" src=\"http:\/\/aufwind-ev.org\/wp-content\/uploads\/2014\/02\/wirueberuns3.gif\" width=\"250\" height=\"178\" \/><strong>WIR BRAUCHEN:<\/strong><\/p>\n<p>Ihre finanzielle Unterst\u00fctzung, um diese Ziele umsetzen zu k\u00f6nnen.<\/p>\n<p>Wenn Sie diese Arbeit finanziell unterst\u00fctzen wollen, werden Sie Mitglied:<\/p>\n<p style=\"text-align: center;\"><strong>\u00a0Seien Sie Aufwind !!<\/strong><\/p>\n<p>&nbsp;<\/p>\n<p>&nbsp;<\/p>\n<p>&nbsp;<\/p>\n<p><span style=\"font-family: Arial,Helvetica,Geneva,Sans-serif; font-size: small;\"><br \/>\n<\/span><\/p>\n","protected":false},"excerpt":{"rendered":"<p>WIR HABEN: Die Power, die Menschen, die R\u00e4umlichkeiten und die Ideen, den Kindern und Jugendlichen eine attraktive und sinngebende Freizeitgestaltung zu erm\u00f6glichen. Wir vom Aufwind e.V., einem gemeinn\u00fctzigen Verein, haben es uns zum Ziel gesetzt, die Kinder und Jugendarbeit in den Leverkusener Gemeindebezirken Alkenrath, Schlebusch und Waldsiedlung zu unterst\u00fctzen und noch attraktiver zu gestalten. In [&hellip;]<\/p>\n","protected":false},"author":1,"featured_media":0,"parent":0,"menu_order":0,"comment_status":"closed","ping_status":"closed","template":"","meta":{"footnotes":""},"class_list":["post-16","page","type-page","status-publish","hentry"],"_links":{"self":[{"href":"https:\/\/aufwind-ev.org\/index.php?rest_route=\/wp\/v2\/pages\/16","targetHints":{"allow":["GET"]}}],"collection":[{"href":"https:\/\/aufwind-ev.org\/index.php?rest_route=\/wp\/v2\/pages"}],"about":[{"href":"https:\/\/aufwind-ev.org\/index.php?rest_route=\/wp\/v2\/types\/page"}],"author":[{"embeddable":true,"href":"https:\/\/aufwind-ev.org\/index.php?rest_route=\/wp\/v2\/users\/1"}],"replies":[{"embeddable":true,"href":"https:\/\/aufwind-ev.org\/index.php?rest_route=%2Fwp%2Fv2%2Fcomments&post=16"}],"version-history":[{"count":6,"href":"https:\/\/aufwind-ev.org\/index.php?rest_route=\/wp\/v2\/pages\/16\/revisions"}],"predecessor-version":[{"id":151,"href":"https:\/\/aufwind-ev.org\/index.php?rest_route=\/wp\/v2\/pages\/16\/revisions\/151"}],"wp:attachment":[{"href":"https:\/\/aufwind-ev.org\/index.php?rest_route=%2Fwp%2Fv2%2Fmedia&parent=16"}],"curies":[{"name":"wp","href":"https:\/\/api.w.org\/{rel}","templated":true}]}}